{"id":13,"date":"2026-02-08T21:42:32","date_gmt":"2026-02-09T01:42:32","guid":{"rendered":"https:\/\/rolfy.yababot.do\/?page_id=13"},"modified":"2026-02-08T23:19:10","modified_gmt":"2026-02-09T03:19:10","slug":"servicios","status":"publish","type":"page","link":"https:\/\/rolfy.yababot.do\/?page_id=13","title":{"rendered":"SERVICIOS"},"content":{"rendered":"\n<p>\u00a1Asegura tu veh\u00edculo en Repuestos Rolfy!<\/p>\n\n\n\n<figure class=\"wp-block-image size-full\"><img loading=\"lazy\" decoding=\"async\" width=\"677\" height=\"824\" src=\"https:\/\/rolfy.yababot.do\/wp-content\/uploads\/2026\/02\/image-1.png\" alt=\"\" class=\"wp-image-49\" srcset=\"https:\/\/rolfy.yababot.do\/wp-content\/uploads\/2026\/02\/image-1.png 677w, https:\/\/rolfy.yababot.do\/wp-content\/uploads\/2026\/02\/image-1-246x300.png 246w\" sizes=\"auto, (max-width: 677px) 100vw, 677px\" \/><\/figure>\n\n\n\n<p>Ofrecemos servicios de seguro completo, incluyendo gr\u00faas y protecci\u00f3n para tus finanzas personales. Adem\u00e1s, contamos con repuestos originales para mantener tu veh\u00edculo en las mejores condiciones. \u00a1Cont\u00e1ctanos y protege tu inversi\u00f3n hoy mismo!<\/p>\n\n\n\n<figure class=\"wp-block-image size-full\"><img loading=\"lazy\" decoding=\"async\" width=\"465\" height=\"733\" src=\"https:\/\/rolfy.yababot.do\/wp-content\/uploads\/2026\/02\/image-2.png\" alt=\"\" class=\"wp-image-51\" srcset=\"https:\/\/rolfy.yababot.do\/wp-content\/uploads\/2026\/02\/image-2.png 465w, https:\/\/rolfy.yababot.do\/wp-content\/uploads\/2026\/02\/image-2-190x300.png 190w\" sizes=\"auto, (max-width: 465px) 100vw, 465px\" \/><\/figure>\n\n\n\n<p>\u00a1No pierdas esta excelente oferta en *Repuestos Rolfy!*<br>Aprovecha nuestro cambio de aceite con *cambio GRATIS* y mant\u00e9n tu veh\u00edculo en perfectas condiciones. Ofrecemos la mejor calidad y precios que se ajustan a tu presupuesto.<\/p>\n\n\n\n<p>Vis\u00edtanos hoy y dale a tu veh\u00edculo el cuidado que merece.<\/p>\n","protected":false},"excerpt":{"rendered":"<p>\u00a1Asegura tu veh\u00edculo en Repuestos Rolfy! Ofrecemos servicios de seguro completo, incluyendo gr\u00faas y protecci\u00f3n para tus finanzas personales. Adem\u00e1s, contamos con repuestos originales para mantener tu veh\u00edculo en las mejores condiciones. \u00a1Cont\u00e1ctanos y protege tu inversi\u00f3n hoy mismo! \u00a1No pierdas esta excelente oferta en *Repuestos Rolfy!*Aprovecha nuestro cambio de aceite con *cambio GRATIS* y&#8230;<\/p>\n","protected":false},"author":1,"featured_media":0,"parent":0,"menu_order":0,"comment_status":"closed","ping_status":"closed","template":"","meta":{"footnotes":""},"class_list":["post-13","page","type-page","status-publish","hentry"],"_links":{"self":[{"href":"https:\/\/rolfy.yababot.do\/index.php?rest_route=\/wp\/v2\/pages\/13","targetHints":{"allow":["GET"]}}],"collection":[{"href":"https:\/\/rolfy.yababot.do\/index.php?rest_route=\/wp\/v2\/pages"}],"about":[{"href":"https:\/\/rolfy.yababot.do\/index.php?rest_route=\/wp\/v2\/types\/page"}],"author":[{"embeddable":true,"href":"https:\/\/rolfy.yababot.do\/index.php?rest_route=\/wp\/v2\/users\/1"}],"replies":[{"embeddable":true,"href":"https:\/\/rolfy.yababot.do\/index.php?rest_route=%2Fwp%2Fv2%2Fcomments&post=13"}],"version-history":[{"count":3,"href":"https:\/\/rolfy.yababot.do\/index.php?rest_route=\/wp\/v2\/pages\/13\/revisions"}],"predecessor-version":[{"id":52,"href":"https:\/\/rolfy.yababot.do\/index.php?rest_route=\/wp\/v2\/pages\/13\/revisions\/52"}],"wp:attachment":[{"href":"https:\/\/rolfy.yababot.do\/index.php?rest_route=%2Fwp%2Fv2%2Fmedia&parent=13"}],"curies":[{"name":"wp","href":"https:\/\/api.w.org\/{rel}","templated":true}]}}